{"id":641,"date":"2025-07-14T14:09:01","date_gmt":"2025-07-14T14:09:01","guid":{"rendered":"https:\/\/pensee-digitale.com\/?page_id=641"},"modified":"2026-03-12T16:27:16","modified_gmt":"2026-03-12T16:27:16","slug":"our-work","status":"publish","type":"page","link":"https:\/\/pensee-digitale.com\/fr\/our-work\/","title":{"rendered":"Nos r\u00e9alisations"},"content":{"rendered":"<div class=\"wp-block-uagb-container uagb-block-84b1a4f4 alignfull uagb-is-root-container\"><div class=\"uagb-container-inner-blocks-wrap\">\n<div class=\"wp-block-uagb-info-box uagb-block-6157101b uagb-infobox__content-wrap  uagb-infobox-icon-above-title uagb-infobox-image-valign-top\"><div class=\"uagb-ifb-content\"><div class=\"uagb-ifb-title-wrap\"><h1 class=\"uagb-ifb-title\">Our Current Projects<\/h1><\/div><div class=\"uagb-ifb-separator\"><\/div><\/div><\/div>\n<\/div><\/div>\n\n\n\n<div class=\"wp-block-uagb-container uagb-block-eek7cacf alignfull uagb-is-root-container\"><div class=\"uagb-container-inner-blocks-wrap\">\n<div class=\"wp-block-uagb-info-box uagb-block-p6z6dptj uagb-infobox__content-wrap  uagb-infobox-icon-above-title uagb-infobox-image-valign-top\"><div class=\"uagb-ifb-content\"><div class=\"uagb-ifb-title-wrap\"><h2 class=\"uagb-ifb-title\">Pr\u00e9sentation de nos derni\u00e8res r\u00e9alisations num\u00e9riques<\/h2><\/div><p class=\"uagb-ifb-desc\">Chez Pens\u00e9e Digitale, nous sommes fiers de transformer des id\u00e9es audacieuses en r\u00e9alit\u00e9s num\u00e9riques percutantes. De la cr\u00e9ation de sites web multilingues sans code au d\u00e9veloppement de strat\u00e9gies de contenu bas\u00e9es sur l'IA et de conceptions UX\/UI intuitives, nos projets r\u00e9cents refl\u00e8tent notre engagement en faveur de l'innovation, de la flexibilit\u00e9 et de la port\u00e9e mondiale. Que ce soit <strong><mark style=\"background-color:rgba(0, 0, 0, 0)\" class=\"has-inline-color has-ast-global-color-0-color\">aider les start-ups \u00e0 d\u00e9velopper leur pr\u00e9sence en ligne ou permettre aux organisations \u00e0 but non lucratif d'entrer en contact avec de nouveaux publics<\/mark><\/strong>, Chaque projet incarne notre passion pour aider les marques \u00e0 se d\u00e9velopper et \u00e0 prosp\u00e9rer. <strong><mark style=\"background-color:rgba(0, 0, 0, 0)\" class=\"has-inline-color has-ast-global-color-0-color\">sur les march\u00e9s francophones et anglophones<\/mark><\/strong>.<\/p><\/div><\/div>\n\n\n\n<div class=\"wp-block-uagb-container uagb-block-vb8g8kae\">\n<div class=\"wp-block-uagb-container uagb-block-zx1wjms1\">\n<div class=\"wp-block-uagb-image aligncenter uagb-block-d5rog0oa wp-block-uagb-image--layout-default wp-block-uagb-image--effect-static wp-block-uagb-image--align-center alignleft\"><figure class=\"wp-block-uagb-image__figure\"><img decoding=\"async\" srcset=\"\" sizes=\"auto, (max-width: 480px) 150px\" src=\"Pens\u00e9e digitale HD\" alt=\"Pens\u00e9e Digitale logo\" class=\"uag-image-909\" width=\"368\" height=\"450\" title=\"Pens\u00e9e digitale HD\" loading=\"lazy\" role=\"img\" data-srcset=\"\"\/><\/figure><\/div>\n\n\n\n<div class=\"wp-block-uagb-info-box uagb-block-72dmkohz uagb-infobox__content-wrap  uagb-infobox-icon-above-title uagb-infobox-image-valign-top\"><div class=\"uagb-ifb-content\"><div class=\"uagb-ifb-title-wrap\"><h3 class=\"uagb-ifb-title\">Pens\u00e9e Digitale \u2013 Votre passerelle vers la strat\u00e9gie num\u00e9rique et l'innovation<\/h3><\/div><p class=\"uagb-ifb-desc\"><strong>Site web :<\/strong> <a href=\"https:\/\/pensee-digitale.com\/\" data-type=\"link\" data-id=\"https:\/\/pensee-digitale.com\/\">pensee-digitale.com<\/a><br><strong>Focus :<\/strong> Marketing num\u00e9rique, r\u00e9f\u00e9rencement naturel (SEO), strat\u00e9gie de contenu, gestion de projets web<br>Pens\u00e9e Digitale est une plateforme en ligne d\u00e9di\u00e9e <strong><mark style=\"background-color:rgba(0, 0, 0, 0)\" class=\"has-inline-color has-ast-global-color-0-color\">pour autonomiser les entreprises et les particuliers gr\u00e2ce \u00e0 des strat\u00e9gies num\u00e9riques intelligentes<\/mark>s<\/strong>. Il propose des ressources pratiques, des informations sur le r\u00e9f\u00e9rencement naturel (SEO) et des conseils pour la cr\u00e9ation de contenu, tout en explorant le pouvoir de l'IA pour vous aider \u00e0 d\u00e9velopper votre pr\u00e9sence en ligne avec impact et authenticit\u00e9.<\/p><\/div><\/div>\n\n\n\n<div class=\"wp-block-uagb-image alignleft uagb-block-352772b2 wp-block-uagb-image--layout-default wp-block-uagb-image--effect-static wp-block-uagb-image--align-left\"><figure class=\"wp-block-uagb-image__figure\"><img decoding=\"async\" srcset=\"\" sizes=\"auto, (max-width: 480px) 150px\" src=\"Devops Tahina website\" alt=\"Devops Tahina logo\" class=\"uag-image-951\" width=\"368\" height=\"450\" title=\"Devops Tahina website\" loading=\"lazy\" role=\"img\" data-srcset=\"\"\/><\/figure><\/div>\n\n\n\n<div class=\"wp-block-uagb-info-box uagb-block-c010025c uagb-infobox__content-wrap  uagb-infobox-icon-above-title uagb-infobox-image-valign-top\"><div class=\"uagb-ifb-content\"><div class=\"uagb-ifb-title-wrap\"><h3 class=\"uagb-ifb-title\">Devops-Tahina.dev \u2013 Votre partenaire DevOps et Cloud de confiance<\/h3><\/div><p class=\"uagb-ifb-desc\"><strong>Site web : <\/strong><a href=\"https:\/\/devops-tahina.dev\/\">devops-tahina.dev <\/a><br><strong>Focus : <\/strong>Solutions DevOps, infrastructure cloud, automatisation, pipelines CI\/CD<br>Devops-Tahina.dev est <strong><mark style=\"background-color:rgba(0, 0, 0, 0)\" class=\"has-inline-color has-ast-global-color-0-color\">une plateforme professionnelle mettant en avant l'expertise en DevOps et en ing\u00e9nierie cloud<\/mark><\/strong>. Il met en avant des solutions modernes permettant d'optimiser les infrastructures, d'automatiser les flux de travail et de mettre en \u0153uvre des pratiques CI\/CD efficaces. Le site est con\u00e7u pour aider les entreprises \u00e0 se d\u00e9velopper plus rapidement, \u00e0 garantir leur fiabilit\u00e9 et \u00e0 adopter l'innovation gr\u00e2ce \u00e0 des strat\u00e9gies DevOps de pointe.<\/p><\/div><\/div>\n<\/div>\n\n\n\n<div class=\"wp-block-uagb-container uagb-block-qvivwirl\">\n<div class=\"wp-block-uagb-image alignleft uagb-block-b3udeulq wp-block-uagb-image--layout-default wp-block-uagb-image--effect-static wp-block-uagb-image--align-left\"><figure class=\"wp-block-uagb-image__figure\"><img decoding=\"async\" srcset=\"\" sizes=\"auto, (max-width: 480px) 150px\" src=\"Arrive bient\u00f4t\" alt=\"\" class=\"uag-image-910\" width=\"368\" height=\"450\" title=\"coming-soon\" loading=\"lazy\" role=\"img\" data-srcset=\"\"\/><\/figure><\/div>\n\n\n\n<div class=\"wp-block-uagb-info-box uagb-block-xf7fijk3 uagb-infobox__content-wrap  uagb-infobox-icon-above-title uagb-infobox-image-valign-top\"><div class=\"uagb-ifb-content\"><div class=\"uagb-ifb-title-wrap\"><h3 class=\"uagb-ifb-title\">Freelancima.com \u2013 Votre portail d'emploi de confiance pour les freelancers du monde entier<\/h3><\/div><p class=\"uagb-ifb-desc\"><strong>Site web : <\/strong><a href=\"https:\/\/freelancima.com\/\">freelancima.com<\/a> (En cours de d\u00e9veloppement)<br><strong>Focus : <\/strong>Projets freelance, mise en relation de talents internationaux, soutien communautaire<br>Freelancima est une plateforme d'emploi dynamique con\u00e7ue <strong><mark style=\"background-color:rgba(0, 0, 0, 0)\" class=\"has-inline-color has-ast-global-color-0-color\">mettre en relation des freelances talentueux avec des entreprises du monde entier<\/mark><\/strong>. Il offre un moyen simple de publier des projets, de trouver des professionnels qualifi\u00e9s et de nouer des collaborations solides, permettant ainsi aux clients et aux freelances de se d\u00e9velopper et de r\u00e9ussir ensemble.<\/p><\/div><\/div>\n<\/div>\n\n\n\n<div class=\"wp-block-uagb-container uagb-block-nzstm1yv\">\n<div class=\"wp-block-uagb-image alignleft uagb-block-19t4ano1 wp-block-uagb-image--layout-default wp-block-uagb-image--effect-static wp-block-uagb-image--align-left\"><figure class=\"wp-block-uagb-image__figure\"><img decoding=\"async\" srcset=\"\" sizes=\"auto, (max-width: 480px) 150px\" src=\"Rubrique TiaChess\" alt=\"\" class=\"uag-image-913\" width=\"368\" height=\"450\" title=\"Tiachess rubrique\" loading=\"lazy\" role=\"img\" data-srcset=\"\"\/><\/figure><\/div>\n\n\n\n<div class=\"wp-block-uagb-info-box uagb-block-v0pqlibq uagb-infobox__content-wrap  uagb-infobox-icon-above-title uagb-infobox-image-valign-top\"><div class=\"uagb-ifb-content\"><div class=\"uagb-ifb-title-wrap\"><h3 class=\"uagb-ifb-title\">TIA CHESS \u2013 <strong>Promouvoir les \u00e9checs pour un impact social<\/strong><\/h3><\/div><p class=\"uagb-ifb-desc\"><br><br><strong>Site web :<\/strong>: <a href=\"https:\/\/tiachess.com\/\">tiachess.com<\/a><br><strong>Focus<\/strong>: Communaut\u00e9 \u00e9chiqu\u00e9enne, promotion num\u00e9rique, actualit\u00e9s \u00e9chiqu\u00e9ennes locales<br>TIA CHESS est un blog d'actualit\u00e9s d\u00e9di\u00e9 <strong><mark style=\"background-color:rgba(0, 0, 0, 0)\" class=\"has-inline-color has-ast-global-color-0-color\">sur la sc\u00e8ne \u00e9chiqu\u00e9enne \u00e0 Madagascar<\/mark><\/strong>Plus qu'un simple jeu, il promeut les \u00e9checs comme un outil d'\u00e9ducation, de discipline et de d\u00e9veloppement communautaire.<br><br><\/p><\/div><\/div>\n<\/div>\n<\/div>\n<\/div><\/div>\n\n\n\n<div class=\"wp-block-uagb-container uagb-block-71e3763c alignfull uagb-is-root-container\"><div class=\"uagb-container-inner-blocks-wrap\">\n<div class=\"wp-block-uagb-container uagb-block-3213ed01\">\n<div class=\"wp-block-uagb-info-box uagb-block-73536f7a uagb-infobox__content-wrap  uagb-infobox-icon-above-title uagb-infobox-image-valign-top\"><div class=\"uagb-ifb-content\"><div class=\"uagb-ifb-title-wrap\"><h2 class=\"uagb-ifb-title-prefix\">Donnons vie \u00e0 votre vision num\u00e9rique !<\/h2><div class=\"uagb-ifb-separator\"><\/div><p class=\"uagb-ifb-title\"><mark style=\"background-color:rgba(0, 0, 0, 0)\" class=\"has-inline-color has-ast-global-color-5-color\">Vous avez un projet en t\u00eate ? Construisons ensemble votre r\u00e9ussite num\u00e9rique.<br>Contactez-nous d\u00e8s maintenant !<\/mark><\/p><\/div><\/div><\/div>\n\n\n\n<div class=\"wp-block-uagb-buttons uagb-buttons__outer-wrap uagb-btn__default-btn uagb-btn-tablet__default-btn uagb-btn-mobile__default-btn uagb-block-cc76ba55\"><div class=\"uagb-buttons__wrap uagb-buttons-layout-wrap\">\n<div class=\"wp-block-uagb-buttons-child uagb-buttons__outer-wrap uagb-block-2009a242 wp-block-button\"><div class=\"uagb-button__wrapper\"><a class=\"uagb-buttons-repeater wp-block-button__link\" aria-label=\"\" href=\"https:\/\/pensee-digitale.com\/contact\" rel=\"follow noopener\" target=\"_self\" role=\"button\"><div class=\"uagb-button__link\">Contactez-nous<\/div><span class=\"uagb-button__icon uagb-button__icon-position-after\"><svg xmlns=\"https:\/\/www.w3.org\/2000\/svg\" viewbox=\"0 0 256 512\" aria-hidden=\"true\" focussable=\"false\"><path d=\"M64 448c-8.188 0-16.38-3.125-22.62-9.375c-12.5-12.5-12.5-32.75 0-45.25L178.8 256L41.38 118.6c-12.5-12.5-12.5-32.75 0-45.25s32.75-12.5 45.25 0l160 160c12.5 12.5 12.5 32.75 0 45.25l-160 160C80.38 444.9 72.19 448 64 448z\"><\/path><\/svg><\/span><\/a><\/div><\/div>\n<\/div><\/div>\n<\/div>\n\n\n\n<div class=\"wp-block-uagb-container uagb-block-538a47c5\"><\/div>\n<\/div><\/div>","protected":false},"excerpt":{"rendered":"","protected":false},"author":1,"featured_media":0,"parent":0,"menu_order":0,"comment_status":"closed","ping_status":"closed","template":"","meta":{"_uag_custom_page_level_css":"","site-sidebar-layout":"default","site-content-layout":"","ast-site-content-layout":"default","site-content-style":"default","site-sidebar-style":"default","ast-global-header-display":"","ast-banner-title-visibility":"","ast-main-header-display":"","ast-hfb-above-header-display":"","ast-hfb-below-header-display":"","ast-hfb-mobile-header-display":"","site-post-title":"disabled","ast-breadcrumbs-content":"","ast-featured-img":"","footer-sml-layout":"","ast-disable-related-posts":"","theme-transparent-header-meta":"enabled","adv-header-id-meta":"","stick-header-meta":"","header-above-stick-meta":"","header-main-stick-meta":"","header-below-stick-meta":"","astra-migrate-meta-layouts":"default","ast-page-background-enabled":"default","ast-page-background-meta":{"desktop":{"background-color":"var(--ast-global-color-4)","background-image":"","background-repeat":"repeat","background-position":"center center","background-size":"auto","background-attachment":"scroll","background-type":"","background-media":"","overlay-type":"","overlay-color":"","overlay-opacity":"","overlay-gradient":""},"tablet":{"background-color":"","background-image":"","background-repeat":"repeat","background-position":"center center","background-size":"auto","background-attachment":"scroll","background-type":"","background-media":"","overlay-type":"","overlay-color":"","overlay-opacity":"","overlay-gradient":""},"mobile":{"background-color":"","background-image":"","background-repeat":"repeat","background-position":"center center","background-size":"auto","background-attachment":"scroll","background-type":"","background-media":"","overlay-type":"","overlay-color":"","overlay-opacity":"","overlay-gradient":""}},"ast-content-background-meta":{"desktop":{"background-color":"var(--ast-global-color-5)","background-image":"","background-repeat":"repeat","background-position":"center center","background-size":"auto","background-attachment":"scroll","background-type":"","background-media":"","overlay-type":"","overlay-color":"","overlay-opacity":"","overlay-gradient":""},"tablet":{"background-color":"var(--ast-global-color-5)","background-image":"","background-repeat":"repeat","background-position":"center center","background-size":"auto","background-attachment":"scroll","background-type":"","background-media":"","overlay-type":"","overlay-color":"","overlay-opacity":"","overlay-gradient":""},"mobile":{"background-color":"var(--ast-global-color-5)","background-image":"","background-repeat":"repeat","background-position":"center center","background-size":"auto","background-attachment":"scroll","background-type":"","background-media":"","overlay-type":"","overlay-color":"","overlay-opacity":"","overlay-gradient":""}},"footnotes":"[]"},"class_list":["post-641","page","type-page","status-publish","hentry"],"featured_image_url":[],"post_author":"faratianarahary@gmail.com","assigned_categories":"","yoast_head":"<!-- This site is optimized with the Yoast SEO plugin v27.4 - https:\/\/yoast.com\/product\/yoast-seo-wordpress\/ -->\n<title>Our Work - Pens\u00e9e Digitale<\/title>\n<meta name=\"description\" content=\"Find our recent projects on this page. Please note that these are only excerpts, as we leave it up to the client to decide whether or not to display the completed project.\" \/>\n<meta name=\"robots\" content=\"index, follow, max-snippet:-1, max-image-preview:large, max-video-preview:-1\" \/>\n<link rel=\"canonical\" href=\"https:\/\/pensee-digitale.com\/fr\/our-work\/\" \/>\n<meta property=\"og:locale\" content=\"fr_FR\" \/>\n<meta property=\"og:type\" content=\"article\" \/>\n<meta property=\"og:title\" content=\"Our Work - Pens\u00e9e Digitale\" \/>\n<meta property=\"og:description\" content=\"Find our recent projects on this page. Please note that these are only excerpts, as we leave it up to the client to decide whether or not to display the completed project.\" \/>\n<meta property=\"og:url\" content=\"https:\/\/pensee-digitale.com\/fr\/our-work\/\" \/>\n<meta property=\"og:site_name\" content=\"Pens\u00e9e Digitale\" \/>\n<meta property=\"article:publisher\" content=\"https:\/\/web.facebook.com\/penseedigitale\/\" \/>\n<meta property=\"article:modified_time\" content=\"2026-03-12T16:27:16+00:00\" \/>\n<meta property=\"og:image\" content=\"https:\/\/pensee-digitale.com\/wp-content\/uploads\/2025\/09\/Pensee-digitale-HD-1-1024x1024.webp\" \/>\n<meta name=\"twitter:card\" content=\"summary_large_image\" \/>\n<meta name=\"twitter:label1\" content=\"Dur\u00e9e de lecture estim\u00e9e\" \/>\n\t<meta name=\"twitter:data1\" content=\"3 minutes\" \/>\n<script type=\"application\/ld+json\" class=\"yoast-schema-graph\">{\"@context\":\"https:\\\/\\\/schema.org\",\"@graph\":[{\"@type\":\"WebPage\",\"@id\":\"https:\\\/\\\/pensee-digitale.com\\\/our-work\\\/\",\"url\":\"https:\\\/\\\/pensee-digitale.com\\\/our-work\\\/\",\"name\":\"Our Work - Pens\u00e9e Digitale\",\"isPartOf\":{\"@id\":\"https:\\\/\\\/pensee-digitale.com\\\/#website\"},\"primaryImageOfPage\":{\"@id\":\"https:\\\/\\\/pensee-digitale.com\\\/our-work\\\/#primaryimage\"},\"image\":{\"@id\":\"https:\\\/\\\/pensee-digitale.com\\\/our-work\\\/#primaryimage\"},\"thumbnailUrl\":\"https:\\\/\\\/pensee-digitale.com\\\/wp-content\\\/uploads\\\/2025\\\/09\\\/Pensee-digitale-HD-1-1024x1024.webp\",\"datePublished\":\"2025-07-14T14:09:01+00:00\",\"dateModified\":\"2026-03-12T16:27:16+00:00\",\"description\":\"Find our recent projects on this page. Please note that these are only excerpts, as we leave it up to the client to decide whether or not to display the completed project.\",\"breadcrumb\":{\"@id\":\"https:\\\/\\\/pensee-digitale.com\\\/our-work\\\/#breadcrumb\"},\"inLanguage\":\"fr-FR\",\"potentialAction\":[{\"@type\":\"ReadAction\",\"target\":[\"https:\\\/\\\/pensee-digitale.com\\\/our-work\\\/\"]}]},{\"@type\":\"ImageObject\",\"inLanguage\":\"fr-FR\",\"@id\":\"https:\\\/\\\/pensee-digitale.com\\\/our-work\\\/#primaryimage\",\"url\":\"https:\\\/\\\/pensee-digitale.com\\\/wp-content\\\/uploads\\\/2025\\\/09\\\/Pensee-digitale-HD-1-1024x1024.webp\",\"contentUrl\":\"https:\\\/\\\/pensee-digitale.com\\\/wp-content\\\/uploads\\\/2025\\\/09\\\/Pensee-digitale-HD-1-1024x1024.webp\"},{\"@type\":\"BreadcrumbList\",\"@id\":\"https:\\\/\\\/pensee-digitale.com\\\/our-work\\\/#breadcrumb\",\"itemListElement\":[{\"@type\":\"ListItem\",\"position\":1,\"name\":\"Home\",\"item\":\"https:\\\/\\\/pensee-digitale.com\\\/\"},{\"@type\":\"ListItem\",\"position\":2,\"name\":\"Our Work\"}]},{\"@type\":\"WebSite\",\"@id\":\"https:\\\/\\\/pensee-digitale.com\\\/#website\",\"url\":\"https:\\\/\\\/pensee-digitale.com\\\/\",\"name\":\"Pens\u00e9e Digitale\",\"description\":\"\",\"publisher\":{\"@id\":\"https:\\\/\\\/pensee-digitale.com\\\/#organization\"},\"potentialAction\":[{\"@type\":\"SearchAction\",\"target\":{\"@type\":\"EntryPoint\",\"urlTemplate\":\"https:\\\/\\\/pensee-digitale.com\\\/?s={search_term_string}\"},\"query-input\":{\"@type\":\"PropertyValueSpecification\",\"valueRequired\":true,\"valueName\":\"search_term_string\"}}],\"inLanguage\":\"fr-FR\"},{\"@type\":\"Organization\",\"@id\":\"https:\\\/\\\/pensee-digitale.com\\\/#organization\",\"name\":\"Pens\u00e9e Digitale\",\"url\":\"https:\\\/\\\/pensee-digitale.com\\\/\",\"logo\":{\"@type\":\"ImageObject\",\"inLanguage\":\"fr-FR\",\"@id\":\"https:\\\/\\\/pensee-digitale.com\\\/#\\\/schema\\\/logo\\\/image\\\/\",\"url\":\"https:\\\/\\\/pensee-digitale.com\\\/wp-content\\\/uploads\\\/2025\\\/09\\\/cropped-Pensee-digitale-HD.webp\",\"contentUrl\":\"https:\\\/\\\/pensee-digitale.com\\\/wp-content\\\/uploads\\\/2025\\\/09\\\/cropped-Pensee-digitale-HD.webp\",\"width\":2000,\"height\":666,\"caption\":\"Pens\u00e9e Digitale\"},\"image\":{\"@id\":\"https:\\\/\\\/pensee-digitale.com\\\/#\\\/schema\\\/logo\\\/image\\\/\"},\"sameAs\":[\"https:\\\/\\\/web.facebook.com\\\/penseedigitale\\\/\",\"https:\\\/\\\/www.linkedin.com\\\/company\\\/pense-digitale\\\/\"]}]}<\/script>\n<!-- \/ Yoast SEO plugin. -->","yoast_head_json":{"title":"Our Work - Pens\u00e9e Digitale","description":"Find our recent projects on this page. Please note that these are only excerpts, as we leave it up to the client to decide whether or not to display the completed project.","robots":{"index":"index","follow":"follow","max-snippet":"max-snippet:-1","max-image-preview":"max-image-preview:large","max-video-preview":"max-video-preview:-1"},"canonical":"https:\/\/pensee-digitale.com\/fr\/our-work\/","og_locale":"fr_FR","og_type":"article","og_title":"Our Work - Pens\u00e9e Digitale","og_description":"Find our recent projects on this page. Please note that these are only excerpts, as we leave it up to the client to decide whether or not to display the completed project.","og_url":"https:\/\/pensee-digitale.com\/fr\/our-work\/","og_site_name":"Pens\u00e9e Digitale","article_publisher":"https:\/\/web.facebook.com\/penseedigitale\/","article_modified_time":"2026-03-12T16:27:16+00:00","og_image":[{"url":"https:\/\/pensee-digitale.com\/wp-content\/uploads\/2025\/09\/Pensee-digitale-HD-1-1024x1024.webp","type":"","width":"","height":""}],"twitter_card":"summary_large_image","twitter_misc":{"Dur\u00e9e de lecture estim\u00e9e":"3 minutes"},"schema":{"@context":"https:\/\/schema.org","@graph":[{"@type":"WebPage","@id":"https:\/\/pensee-digitale.com\/our-work\/","url":"https:\/\/pensee-digitale.com\/our-work\/","name":"Our Work - Pens\u00e9e Digitale","isPartOf":{"@id":"https:\/\/pensee-digitale.com\/#website"},"primaryImageOfPage":{"@id":"https:\/\/pensee-digitale.com\/our-work\/#primaryimage"},"image":{"@id":"https:\/\/pensee-digitale.com\/our-work\/#primaryimage"},"thumbnailUrl":"https:\/\/pensee-digitale.com\/wp-content\/uploads\/2025\/09\/Pensee-digitale-HD-1-1024x1024.webp","datePublished":"2025-07-14T14:09:01+00:00","dateModified":"2026-03-12T16:27:16+00:00","description":"Find our recent projects on this page. Please note that these are only excerpts, as we leave it up to the client to decide whether or not to display the completed project.","breadcrumb":{"@id":"https:\/\/pensee-digitale.com\/our-work\/#breadcrumb"},"inLanguage":"fr-FR","potentialAction":[{"@type":"ReadAction","target":["https:\/\/pensee-digitale.com\/our-work\/"]}]},{"@type":"ImageObject","inLanguage":"fr-FR","@id":"https:\/\/pensee-digitale.com\/our-work\/#primaryimage","url":"https:\/\/pensee-digitale.com\/wp-content\/uploads\/2025\/09\/Pensee-digitale-HD-1-1024x1024.webp","contentUrl":"https:\/\/pensee-digitale.com\/wp-content\/uploads\/2025\/09\/Pensee-digitale-HD-1-1024x1024.webp"},{"@type":"BreadcrumbList","@id":"https:\/\/pensee-digitale.com\/our-work\/#breadcrumb","itemListElement":[{"@type":"ListItem","position":1,"name":"Home","item":"https:\/\/pensee-digitale.com\/"},{"@type":"ListItem","position":2,"name":"Our Work"}]},{"@type":"WebSite","@id":"https:\/\/pensee-digitale.com\/#website","url":"https:\/\/pensee-digitale.com\/","name":"Pens\u00e9e Digitale","description":"","publisher":{"@id":"https:\/\/pensee-digitale.com\/#organization"},"potentialAction":[{"@type":"SearchAction","target":{"@type":"EntryPoint","urlTemplate":"https:\/\/pensee-digitale.com\/?s={search_term_string}"},"query-input":{"@type":"PropertyValueSpecification","valueRequired":true,"valueName":"search_term_string"}}],"inLanguage":"fr-FR"},{"@type":"Organization","@id":"https:\/\/pensee-digitale.com\/#organization","name":"Pens\u00e9e Digitale","url":"https:\/\/pensee-digitale.com\/","logo":{"@type":"ImageObject","inLanguage":"fr-FR","@id":"https:\/\/pensee-digitale.com\/#\/schema\/logo\/image\/","url":"https:\/\/pensee-digitale.com\/wp-content\/uploads\/2025\/09\/cropped-Pensee-digitale-HD.webp","contentUrl":"https:\/\/pensee-digitale.com\/wp-content\/uploads\/2025\/09\/cropped-Pensee-digitale-HD.webp","width":2000,"height":666,"caption":"Pens\u00e9e Digitale"},"image":{"@id":"https:\/\/pensee-digitale.com\/#\/schema\/logo\/image\/"},"sameAs":["https:\/\/web.facebook.com\/penseedigitale\/","https:\/\/www.linkedin.com\/company\/pense-digitale\/"]}]}},"_hostinger_reach_plugin_has_subscription_block":false,"_hostinger_reach_plugin_is_elementor":false,"uagb_featured_image_src":{"full":false,"thumbnail":false,"medium":false,"medium_large":false,"large":false,"1536x1536":false,"2048x2048":false,"trp-custom-language-flag":false,"mailpoet_newsletter_max":false},"uagb_author_info":{"display_name":false,"author_link":"https:\/\/pensee-digitale.com\/fr\/author\/faratianaraharygmail-com\/"},"uagb_comment_info":0,"uagb_excerpt":null,"_links":{"self":[{"href":"https:\/\/pensee-digitale.com\/fr\/wp-json\/wp\/v2\/pages\/641","targetHints":{"allow":["GET"]}}],"collection":[{"href":"https:\/\/pensee-digitale.com\/fr\/wp-json\/wp\/v2\/pages"}],"about":[{"href":"https:\/\/pensee-digitale.com\/fr\/wp-json\/wp\/v2\/types\/page"}],"author":[{"embeddable":true,"href":"https:\/\/pensee-digitale.com\/fr\/wp-json\/wp\/v2\/users\/1"}],"replies":[{"embeddable":true,"href":"https:\/\/pensee-digitale.com\/fr\/wp-json\/wp\/v2\/comments?post=641"}],"version-history":[{"count":12,"href":"https:\/\/pensee-digitale.com\/fr\/wp-json\/wp\/v2\/pages\/641\/revisions"}],"predecessor-version":[{"id":953,"href":"https:\/\/pensee-digitale.com\/fr\/wp-json\/wp\/v2\/pages\/641\/revisions\/953"}],"wp:attachment":[{"href":"https:\/\/pensee-digitale.com\/fr\/wp-json\/wp\/v2\/media?parent=641"}],"curies":[{"name":"wp","href":"https:\/\/api.w.org\/{rel}","templated":true}]}}