{"id":8,"date":"2025-07-09T14:44:34","date_gmt":"2025-07-09T14:44:34","guid":{"rendered":"https:\/\/pensee-digitale.com\/about\/"},"modified":"2026-03-12T16:49:28","modified_gmt":"2026-03-12T16:49:28","slug":"about-us","status":"publish","type":"page","link":"https:\/\/pensee-digitale.com\/fr\/about-us\/","title":{"rendered":"\u00c0 propos"},"content":{"rendered":"<div class=\"wp-block-uagb-container uagb-block-84b1a4f4 alignfull uagb-is-root-container\"><div class=\"uagb-container-inner-blocks-wrap\">\n<div class=\"wp-block-uagb-info-box uagb-block-6157101b uagb-infobox__content-wrap  uagb-infobox-icon-above-title uagb-infobox-image-valign-top\"><div class=\"uagb-ifb-content\"><div class=\"uagb-ifb-title-wrap\"><h1 class=\"uagb-ifb-title\">D\u00e9couvrez qui nous sommes<\/h1><\/div><div class=\"uagb-ifb-separator\"><\/div><\/div><\/div>\n<\/div><\/div>\n\n\n\n<div class=\"wp-block-uagb-container uagb-block-012e3f1c alignfull uagb-is-root-container\"><div class=\"uagb-container-inner-blocks-wrap\">\n<div class=\"wp-block-uagb-container uagb-block-fda13d6b\">\n<div class=\"wp-block-uagb-info-box uagb-block-1c9f2911 uagb-infobox__content-wrap  uagb-infobox-icon-above-title uagb-infobox-image-valign-top\"><div class=\"uagb-ifb-content\"><div class=\"uagb-ifb-title-wrap\"><h6 class=\"uagb-ifb-title-prefix\">Qui sommes-nous ?<\/h6><h5 class=\"uagb-ifb-title\">Pens\u00e9e Digitale combine des solutions sans code, des strat\u00e9gies bas\u00e9es sur l'IA et une expertise multilingue pour cr\u00e9er des marques num\u00e9riques solides, visibles et pr\u00eates pour l'avenir.<\/h5><\/div><\/div><\/div>\n<\/div>\n\n\n\n<div class=\"wp-block-uagb-container uagb-block-6911cb7d\">\n<div class=\"wp-block-uagb-info-box uagb-block-4a8e13c2 uagb-infobox__content-wrap  uagb-infobox-icon-above-title uagb-infobox-image-valign-top\"><div class=\"uagb-ifb-content\"><div class=\"uagb-ifb-title-wrap\"><h3 class=\"uagb-ifb-title\">Pens\u00e9e Digitale a commenc\u00e9 son parcours sur le march\u00e9 francophone, anim\u00e9e par une passion profonde pour le marketing num\u00e9rique et le d\u00e9sir d'aider les particuliers et les start-ups \u00e0 se lancer facilement sur Internet.<\/h3><\/div><p class=\"uagb-ifb-desc\"><mark style=\"background-color:rgba(0, 0, 0, 0)\" class=\"has-inline-color has-ast-global-color-2-color\">Au fil du temps, notre expertise s'est naturellement \u00e9tendue au monde anglophone, ce qui nous a permis de travailler avec une client\u00e8le plus large et plus internationale.<br><br>Notre mission principale est de rendre les opportunit\u00e9s num\u00e9riques accessibles aux entrepreneurs \u00e9mergents et aux petites entreprises du monde entier, en particulier ceux qui cherchent \u00e0 cr\u00e9er ou \u00e0 d\u00e9velopper des activit\u00e9s en ligne. Nous nous concentrons <\/mark><strong><mark style=\"background-color:rgba(0, 0, 0, 0)\" class=\"has-inline-color has-ast-global-color-1-color\">sur l'optimisation de leur visibilit\u00e9 et la fourniture de services sur mesure<\/mark><\/strong><mark style=\"background-color:rgba(0, 0, 0, 0)\" class=\"has-inline-color has-ast-global-color-2-color\"> qui correspondent \u00e0 leurs besoins, leurs ressources et leurs objectifs.<br><br>Nous accordons une grande importance \u00e0 la discr\u00e9tion et laissons la qualit\u00e9 de notre travail parler d'elle-m\u00eame. Nous nous engageons \u00e0 rester en coulisses tout en aidant nos clients \u00e0 se d\u00e9marquer.<\/mark><\/p><\/div><\/div>\n<\/div>\n\n\n\n<div class=\"wp-block-uagb-separator uagb-block-e53605d2\"><div class=\"wp-block-uagb-separator__inner\" style=\"--my-background-image:\"><\/div><\/div>\n\n\n\n<div class=\"wp-block-uagb-container uagb-block-81c27860\">\n<div class=\"wp-block-uagb-info-box uagb-block-329b7c92 uagb-infobox__content-wrap  uagb-infobox-icon-above-title uagb-infobox-image-valign-top\"><div class=\"uagb-ifb-content\"><div class=\"uagb-ifb-title-wrap\"><h2 class=\"uagb-ifb-title\"><mark style=\"background-color:rgba(0, 0, 0, 0)\" class=\"has-inline-color has-ast-global-color-1-color\">Notre vision<\/mark><\/h2><\/div><p class=\"uagb-ifb-desc\"><mark style=\"background-color:rgba(0, 0, 0, 0)\" class=\"has-inline-color has-ast-global-color-2-color\">Rendre l'innovation num\u00e9rique accessible \u00e0 tous sans barri\u00e8res techniques en combinant l'expertise humaine avec des outils bas\u00e9s sur l'IA, et devenir un partenaire de confiance pour les marques en pleine croissance \u00e0 travers le monde.<\/mark><\/p><\/div><\/div>\n\n\n\n<div class=\"wp-block-uagb-info-box uagb-block-f0ec0cba uagb-infobox__content-wrap  uagb-infobox-icon-above-title uagb-infobox-image-valign-top\"><div class=\"uagb-ifb-content\"><div class=\"uagb-ifb-title-wrap\"><h2 class=\"uagb-ifb-title\"><mark style=\"background-color:rgba(0, 0, 0, 0)\" class=\"has-inline-color has-ast-global-color-1-color\">Notre mission<\/mark><\/h2><\/div><p class=\"uagb-ifb-desc\"><mark style=\"background-color:rgba(0, 0, 0, 0)\" class=\"has-inline-color has-ast-global-color-2-color\">Donner les moyens aux entrepreneurs, aux entreprises et aux acteurs du changement en leur proposant des sites web sans code et des strat\u00e9gies num\u00e9riques percutantes, rapides, flexibles et accessibles. Nous sommes sp\u00e9cialis\u00e9s dans les solutions multilingues qui relient les march\u00e9s et les cultures.<\/mark><\/p><\/div><\/div>\n<\/div>\n<\/div><\/div>\n\n\n\n<div class=\"wp-block-uagb-container uagb-block-07bff730 alignfull uagb-is-root-container\"><div class=\"uagb-container-inner-blocks-wrap\">\n<div class=\"wp-block-uagb-info-box uagb-block-e83473b0 uagb-infobox__content-wrap  uagb-infobox-icon-above-title uagb-infobox-image-valign-top\"><div class=\"uagb-ifb-content\"><div class=\"uagb-ifb-separator\"><\/div><div class=\"uagb-ifb-title-wrap\"><h4 class=\"uagb-ifb-title-prefix\">\u00ab La fondatrice de Pens\u00e9e Digitale est quadruple championne nationale d'\u00e9checs et WFM (Woman FIDE Master), et <mark style=\"background-color:rgba(0, 0, 0, 0)\" class=\"has-inline-color has-ast-global-color-1-color\">experte certifi\u00e9e en marketing num\u00e9rique<\/mark>Elle a cr\u00e9\u00e9 l'Agence Pens\u00e9e Digitale. <mark style=\"background-color:rgba(0, 0, 0, 0)\" class=\"has-inline-color has-ast-global-color-1-color\">pour aider les marques \u00e0 s'implanter sur le march\u00e9 fran\u00e7ais<\/mark>. Son esprit strat\u00e9gique, associ\u00e9 \u00e0 une expertise pratique en mati\u00e8re de contenu, de r\u00e9f\u00e9rencement et de localisation de march\u00e9, fait d'elle une partenaire unique pour les entreprises ax\u00e9es sur la croissance.<\/h4><h6 class=\"uagb-ifb-title\"><mark style=\"background-color:rgba(0, 0, 0, 0)\" class=\"has-inline-color has-ast-global-color-1-color\">Fondateur et CEO de Pens\u00e9e Digitale<\/mark><\/h6><\/div><\/div><\/div>\n<\/div><\/div>\n\n\n\n<div class=\"wp-block-uagb-container uagb-block-d509e43f alignfull uagb-is-root-container\"><div class=\"uagb-container-inner-blocks-wrap\">\n<div class=\"wp-block-uagb-separator uagb-block-2d73f7b2\"><div class=\"wp-block-uagb-separator__inner\" style=\"--my-background-image:\"><\/div><\/div>\n\n\n\n<div class=\"wp-block-uagb-advanced-heading uagb-block-8a4029bb\"><h2 class=\"uagb-heading-text\"><mark style=\"background-color:rgba(0, 0, 0, 0)\" class=\"has-inline-color has-ast-global-color-1-color\">Nos objectifs<\/mark><\/h2><\/div>\n\n\n\n<div class=\"wp-block-uagb-container uagb-block-0de268a6\">\n<div class=\"wp-block-uagb-info-box uagb-block-3a8a998c uagb-infobox__content-wrap  uagb-infobox-icon-above-title uagb-infobox-image-valign-top\"><div class=\"uagb-ifb-content\"><div class=\"uagb-ifb-title-wrap\"><h4 class=\"uagb-ifb-title\">La mission de Pens\u00e9e Digitale est avant tout d'aider les entrepreneurs et les entreprises anglophones \u00e0 r\u00e9ussir leur entr\u00e9e et leur d\u00e9veloppement sur le march\u00e9 fran\u00e7ais.<\/h4><\/div><p class=\"uagb-ifb-desc\"><mark style=\"background-color:rgba(0, 0, 0, 0)\" class=\"has-inline-color has-ast-global-color-2-color\">Notre objectif est <\/mark><strong><mark style=\"background-color:rgba(0, 0, 0, 0)\" class=\"has-inline-color has-ast-global-color-1-color\">de d\u00e9mocratiser l'acc\u00e8s \u00e0 des services num\u00e9riques de haute qualit\u00e9<\/mark><\/strong><mark style=\"background-color:rgba(0, 0, 0, 0)\" class=\"has-inline-color has-ast-global-color-2-color\"> en proposant des solutions abordables et sans code qui permettent \u00e0 tout le monde de se lancer facilement.<br><br>Nous aidons les startups et les entrepreneurs ind\u00e9pendants \u00e0 se forger une solide visibilit\u00e9 multilingue en ligne, leur permettant ainsi d'entrer en contact avec un public fran\u00e7ais et international.<br>En tirant parti de puissants outils d'IA, nous proposons des strat\u00e9gies de contenu et de conception plus rapides, plus intelligentes et plus personnalis\u00e9es que jamais.<br><br>Nous nous attachons \u00e0 entretenir des relations \u00e0 long terme avec nos clients, fond\u00e9es sur la confiance, la transparence et des r\u00e9sultats mesurables.<br><br>Enfin, nous nous adaptons en permanence aux derni\u00e8res tendances num\u00e9riques afin de garantir \u00e0 nos clients une longueur d'avance sur les march\u00e9s concurrentiels actuels.<\/mark><\/p><\/div><\/div>\n<\/div>\n\n\n\n<div class=\"wp-block-uagb-container uagb-block-eec3e8d3\"><\/div>\n<\/div><\/div>\n\n\n\n<div class=\"wp-block-uagb-container uagb-block-71e3763c alignfull uagb-is-root-container\"><div class=\"uagb-container-inner-blocks-wrap\">\n<div class=\"wp-block-uagb-container uagb-block-3213ed01\">\n<div class=\"wp-block-uagb-info-box uagb-block-73536f7a uagb-infobox__content-wrap  uagb-infobox-icon-above-title uagb-infobox-image-valign-top\"><div class=\"uagb-ifb-content\"><div class=\"uagb-ifb-title-wrap\"><h2 class=\"uagb-ifb-title-prefix\"><mark style=\"background-color:rgba(0, 0, 0, 0)\" class=\"has-inline-color has-ast-global-color-2-color\">Pr\u00eat \u00e0 faire passer votre pr\u00e9sence num\u00e9rique au niveau sup\u00e9rieur ?<\/mark><\/h2><div class=\"uagb-ifb-separator\"><\/div><h6 class=\"uagb-ifb-title\">N'attendez plus pour lib\u00e9rer tout le potentiel de votre marque sur le march\u00e9 fran\u00e7ais. Lancez-vous d\u00e8s aujourd'hui et laissez Pens\u00e9e Digitale vous guider vers un succ\u00e8s durable gr\u00e2ce \u00e0 des strat\u00e9gies intelligentes, multilingues et bas\u00e9es sur l'IA.<\/h6><\/div><\/div><\/div>\n\n\n\n<div class=\"wp-block-uagb-buttons uagb-buttons__outer-wrap uagb-btn__default-btn uagb-btn-tablet__default-btn uagb-btn-mobile__default-btn uagb-block-cc76ba55\"><div class=\"uagb-buttons__wrap uagb-buttons-layout-wrap\">\n<div class=\"wp-block-uagb-buttons-child uagb-buttons__outer-wrap uagb-block-2009a242 wp-block-button\"><div class=\"uagb-button__wrapper\"><a class=\"uagb-buttons-repeater wp-block-button__link\" aria-label=\"\" href=\"https:\/\/pensee-digitale.com\/free-quote\" rel=\"follow noopener\" target=\"_self\" role=\"button\"><div class=\"uagb-button__link\">Commencez d\u00e8s maintenant !<\/div><span class=\"uagb-button__icon uagb-button__icon-position-after\"><svg xmlns=\"https:\/\/www.w3.org\/2000\/svg\" viewbox=\"0 0 256 512\" aria-hidden=\"true\" focussable=\"false\"><path d=\"M64 448c-8.188 0-16.38-3.125-22.62-9.375c-12.5-12.5-12.5-32.75 0-45.25L178.8 256L41.38 118.6c-12.5-12.5-12.5-32.75 0-45.25s32.75-12.5 45.25 0l160 160c12.5 12.5 12.5 32.75 0 45.25l-160 160C80.38 444.9 72.19 448 64 448z\"><\/path><\/svg><\/span><\/a><\/div><\/div>\n<\/div><\/div>\n<\/div>\n\n\n\n<div class=\"wp-block-uagb-container uagb-block-538a47c5\"><\/div>\n<\/div><\/div>","protected":false},"excerpt":{"rendered":"<p>Nos objectifs<\/p>","protected":false},"author":1,"featured_media":0,"parent":0,"menu_order":0,"comment_status":"closed","ping_status":"closed","template":"","meta":{"_uag_custom_page_level_css":"","site-sidebar-layout":"default","site-content-layout":"","ast-site-content-layout":"default","site-content-style":"default","site-sidebar-style":"default","ast-global-header-display":"","ast-banner-title-visibility":"","ast-main-header-display":"","ast-hfb-above-header-display":"","ast-hfb-below-header-display":"","ast-hfb-mobile-header-display":"","site-post-title":"disabled","ast-breadcrumbs-content":"","ast-featured-img":"","footer-sml-layout":"","ast-disable-related-posts":"","theme-transparent-header-meta":"enabled","adv-header-id-meta":"","stick-header-meta":"","header-above-stick-meta":"","header-main-stick-meta":"","header-below-stick-meta":"","astra-migrate-meta-layouts":"default","ast-page-background-enabled":"default","ast-page-background-meta":{"desktop":{"background-color":"var(--ast-global-color-4)","background-image":"","background-repeat":"repeat","background-position":"center center","background-size":"auto","background-attachment":"scroll","background-type":"","background-media":"","overlay-type":"","overlay-color":"","overlay-opacity":"","overlay-gradient":""},"tablet":{"background-color":"","background-image":"","background-repeat":"repeat","background-position":"center center","background-size":"auto","background-attachment":"scroll","background-type":"","background-media":"","overlay-type":"","overlay-color":"","overlay-opacity":"","overlay-gradient":""},"mobile":{"background-color":"","background-image":"","background-repeat":"repeat","background-position":"center center","background-size":"auto","background-attachment":"scroll","background-type":"","background-media":"","overlay-type":"","overlay-color":"","overlay-opacity":"","overlay-gradient":""}},"ast-content-background-meta":{"desktop":{"background-color":"var(--ast-global-color-5)","background-image":"","background-repeat":"repeat","background-position":"center center","background-size":"auto","background-attachment":"scroll","background-type":"","background-media":"","overlay-type":"","overlay-color":"","overlay-opacity":"","overlay-gradient":""},"tablet":{"background-color":"var(--ast-global-color-5)","background-image":"","background-repeat":"repeat","background-position":"center center","background-size":"auto","background-attachment":"scroll","background-type":"","background-media":"","overlay-type":"","overlay-color":"","overlay-opacity":"","overlay-gradient":""},"mobile":{"background-color":"var(--ast-global-color-5)","background-image":"","background-repeat":"repeat","background-position":"center center","background-size":"auto","background-attachment":"scroll","background-type":"","background-media":"","overlay-type":"","overlay-color":"","overlay-opacity":"","overlay-gradient":""}},"footnotes":""},"class_list":["post-8","page","type-page","status-publish","hentry"],"featured_image_url":[],"post_author":"faratianarahary@gmail.com","assigned_categories":"","yoast_head":"<!-- This site is optimized with the Yoast SEO plugin v27.4 - https:\/\/yoast.com\/product\/yoast-seo-wordpress\/ -->\n<title>About us - Pens\u00e9e Digitale<\/title>\n<meta name=\"description\" content=\"Are you curious about our history? Our vision ? Our goals ? We&#039;ll tell you everything so we can get to know each other.\" \/>\n<meta name=\"robots\" content=\"index, follow, max-snippet:-1, max-image-preview:large, max-video-preview:-1\" \/>\n<link rel=\"canonical\" href=\"https:\/\/pensee-digitale.com\/fr\/about-us\/\" \/>\n<meta property=\"og:locale\" content=\"fr_FR\" \/>\n<meta property=\"og:type\" content=\"article\" \/>\n<meta property=\"og:title\" content=\"About us - Pens\u00e9e Digitale\" \/>\n<meta property=\"og:description\" content=\"Are you curious about our history? Our vision ? Our goals ? We&#039;ll tell you everything so we can get to know each other.\" \/>\n<meta property=\"og:url\" content=\"https:\/\/pensee-digitale.com\/fr\/about-us\/\" \/>\n<meta property=\"og:site_name\" content=\"Pens\u00e9e Digitale\" \/>\n<meta property=\"article:publisher\" content=\"https:\/\/web.facebook.com\/penseedigitale\/\" \/>\n<meta property=\"article:modified_time\" content=\"2026-03-12T16:49:28+00:00\" \/>\n<meta name=\"twitter:card\" content=\"summary_large_image\" \/>\n<meta name=\"twitter:label1\" content=\"Dur\u00e9e de lecture estim\u00e9e\" \/>\n\t<meta name=\"twitter:data1\" content=\"2 minutes\" \/>\n<script type=\"application\/ld+json\" class=\"yoast-schema-graph\">{\"@context\":\"https:\\\/\\\/schema.org\",\"@graph\":[{\"@type\":\"WebPage\",\"@id\":\"https:\\\/\\\/pensee-digitale.com\\\/about-us\\\/\",\"url\":\"https:\\\/\\\/pensee-digitale.com\\\/about-us\\\/\",\"name\":\"About us - Pens\u00e9e Digitale\",\"isPartOf\":{\"@id\":\"https:\\\/\\\/pensee-digitale.com\\\/#website\"},\"datePublished\":\"2025-07-09T14:44:34+00:00\",\"dateModified\":\"2026-03-12T16:49:28+00:00\",\"description\":\"Are you curious about our history? Our vision ? Our goals ? We'll tell you everything so we can get to know each other.\",\"breadcrumb\":{\"@id\":\"https:\\\/\\\/pensee-digitale.com\\\/about-us\\\/#breadcrumb\"},\"inLanguage\":\"fr-FR\",\"potentialAction\":[{\"@type\":\"ReadAction\",\"target\":[\"https:\\\/\\\/pensee-digitale.com\\\/about-us\\\/\"]}]},{\"@type\":\"BreadcrumbList\",\"@id\":\"https:\\\/\\\/pensee-digitale.com\\\/about-us\\\/#breadcrumb\",\"itemListElement\":[{\"@type\":\"ListItem\",\"position\":1,\"name\":\"Home\",\"item\":\"https:\\\/\\\/pensee-digitale.com\\\/\"},{\"@type\":\"ListItem\",\"position\":2,\"name\":\"About us\"}]},{\"@type\":\"WebSite\",\"@id\":\"https:\\\/\\\/pensee-digitale.com\\\/#website\",\"url\":\"https:\\\/\\\/pensee-digitale.com\\\/\",\"name\":\"Pens\u00e9e Digitale\",\"description\":\"\",\"publisher\":{\"@id\":\"https:\\\/\\\/pensee-digitale.com\\\/#organization\"},\"potentialAction\":[{\"@type\":\"SearchAction\",\"target\":{\"@type\":\"EntryPoint\",\"urlTemplate\":\"https:\\\/\\\/pensee-digitale.com\\\/?s={search_term_string}\"},\"query-input\":{\"@type\":\"PropertyValueSpecification\",\"valueRequired\":true,\"valueName\":\"search_term_string\"}}],\"inLanguage\":\"fr-FR\"},{\"@type\":\"Organization\",\"@id\":\"https:\\\/\\\/pensee-digitale.com\\\/#organization\",\"name\":\"Pens\u00e9e Digitale\",\"url\":\"https:\\\/\\\/pensee-digitale.com\\\/\",\"logo\":{\"@type\":\"ImageObject\",\"inLanguage\":\"fr-FR\",\"@id\":\"https:\\\/\\\/pensee-digitale.com\\\/#\\\/schema\\\/logo\\\/image\\\/\",\"url\":\"https:\\\/\\\/pensee-digitale.com\\\/wp-content\\\/uploads\\\/2025\\\/09\\\/cropped-Pensee-digitale-HD.webp\",\"contentUrl\":\"https:\\\/\\\/pensee-digitale.com\\\/wp-content\\\/uploads\\\/2025\\\/09\\\/cropped-Pensee-digitale-HD.webp\",\"width\":2000,\"height\":666,\"caption\":\"Pens\u00e9e Digitale\"},\"image\":{\"@id\":\"https:\\\/\\\/pensee-digitale.com\\\/#\\\/schema\\\/logo\\\/image\\\/\"},\"sameAs\":[\"https:\\\/\\\/web.facebook.com\\\/penseedigitale\\\/\",\"https:\\\/\\\/www.linkedin.com\\\/company\\\/pense-digitale\\\/\"]}]}<\/script>\n<!-- \/ Yoast SEO plugin. -->","yoast_head_json":{"title":"About us - Pens\u00e9e Digitale","description":"Are you curious about our history? Our vision ? Our goals ? We'll tell you everything so we can get to know each other.","robots":{"index":"index","follow":"follow","max-snippet":"max-snippet:-1","max-image-preview":"max-image-preview:large","max-video-preview":"max-video-preview:-1"},"canonical":"https:\/\/pensee-digitale.com\/fr\/about-us\/","og_locale":"fr_FR","og_type":"article","og_title":"About us - Pens\u00e9e Digitale","og_description":"Are you curious about our history? Our vision ? Our goals ? We'll tell you everything so we can get to know each other.","og_url":"https:\/\/pensee-digitale.com\/fr\/about-us\/","og_site_name":"Pens\u00e9e Digitale","article_publisher":"https:\/\/web.facebook.com\/penseedigitale\/","article_modified_time":"2026-03-12T16:49:28+00:00","twitter_card":"summary_large_image","twitter_misc":{"Dur\u00e9e de lecture estim\u00e9e":"2 minutes"},"schema":{"@context":"https:\/\/schema.org","@graph":[{"@type":"WebPage","@id":"https:\/\/pensee-digitale.com\/about-us\/","url":"https:\/\/pensee-digitale.com\/about-us\/","name":"About us - Pens\u00e9e Digitale","isPartOf":{"@id":"https:\/\/pensee-digitale.com\/#website"},"datePublished":"2025-07-09T14:44:34+00:00","dateModified":"2026-03-12T16:49:28+00:00","description":"Are you curious about our history? Our vision ? Our goals ? We'll tell you everything so we can get to know each other.","breadcrumb":{"@id":"https:\/\/pensee-digitale.com\/about-us\/#breadcrumb"},"inLanguage":"fr-FR","potentialAction":[{"@type":"ReadAction","target":["https:\/\/pensee-digitale.com\/about-us\/"]}]},{"@type":"BreadcrumbList","@id":"https:\/\/pensee-digitale.com\/about-us\/#breadcrumb","itemListElement":[{"@type":"ListItem","position":1,"name":"Home","item":"https:\/\/pensee-digitale.com\/"},{"@type":"ListItem","position":2,"name":"About us"}]},{"@type":"WebSite","@id":"https:\/\/pensee-digitale.com\/#website","url":"https:\/\/pensee-digitale.com\/","name":"Pens\u00e9e Digitale","description":"","publisher":{"@id":"https:\/\/pensee-digitale.com\/#organization"},"potentialAction":[{"@type":"SearchAction","target":{"@type":"EntryPoint","urlTemplate":"https:\/\/pensee-digitale.com\/?s={search_term_string}"},"query-input":{"@type":"PropertyValueSpecification","valueRequired":true,"valueName":"search_term_string"}}],"inLanguage":"fr-FR"},{"@type":"Organization","@id":"https:\/\/pensee-digitale.com\/#organization","name":"Pens\u00e9e Digitale","url":"https:\/\/pensee-digitale.com\/","logo":{"@type":"ImageObject","inLanguage":"fr-FR","@id":"https:\/\/pensee-digitale.com\/#\/schema\/logo\/image\/","url":"https:\/\/pensee-digitale.com\/wp-content\/uploads\/2025\/09\/cropped-Pensee-digitale-HD.webp","contentUrl":"https:\/\/pensee-digitale.com\/wp-content\/uploads\/2025\/09\/cropped-Pensee-digitale-HD.webp","width":2000,"height":666,"caption":"Pens\u00e9e Digitale"},"image":{"@id":"https:\/\/pensee-digitale.com\/#\/schema\/logo\/image\/"},"sameAs":["https:\/\/web.facebook.com\/penseedigitale\/","https:\/\/www.linkedin.com\/company\/pense-digitale\/"]}]}},"_hostinger_reach_plugin_has_subscription_block":false,"_hostinger_reach_plugin_is_elementor":false,"uagb_featured_image_src":{"full":false,"thumbnail":false,"medium":false,"medium_large":false,"large":false,"1536x1536":false,"2048x2048":false,"trp-custom-language-flag":false,"mailpoet_newsletter_max":false},"uagb_author_info":{"display_name":false,"author_link":"https:\/\/pensee-digitale.com\/fr\/author\/faratianaraharygmail-com\/"},"uagb_comment_info":0,"uagb_excerpt":"Our Goals","_links":{"self":[{"href":"https:\/\/pensee-digitale.com\/fr\/wp-json\/wp\/v2\/pages\/8","targetHints":{"allow":["GET"]}}],"collection":[{"href":"https:\/\/pensee-digitale.com\/fr\/wp-json\/wp\/v2\/pages"}],"about":[{"href":"https:\/\/pensee-digitale.com\/fr\/wp-json\/wp\/v2\/types\/page"}],"author":[{"embeddable":true,"href":"https:\/\/pensee-digitale.com\/fr\/wp-json\/wp\/v2\/users\/1"}],"replies":[{"embeddable":true,"href":"https:\/\/pensee-digitale.com\/fr\/wp-json\/wp\/v2\/comments?post=8"}],"version-history":[{"count":15,"href":"https:\/\/pensee-digitale.com\/fr\/wp-json\/wp\/v2\/pages\/8\/revisions"}],"predecessor-version":[{"id":915,"href":"https:\/\/pensee-digitale.com\/fr\/wp-json\/wp\/v2\/pages\/8\/revisions\/915"}],"wp:attachment":[{"href":"https:\/\/pensee-digitale.com\/fr\/wp-json\/wp\/v2\/media?parent=8"}],"curies":[{"name":"wp","href":"https:\/\/api.w.org\/{rel}","templated":true}]}}